{"id":4940,"date":"2022-10-26T10:35:16","date_gmt":"2022-10-26T10:35:16","guid":{"rendered":"https:\/\/ajf.com.pt\/politica-de-privacidad-y-cookies\/"},"modified":"2023-06-09T17:24:42","modified_gmt":"2023-06-09T17:24:42","slug":"politica-de-privacidad-y-cookies","status":"publish","type":"page","link":"https:\/\/ajf.com.pt\/es\/politica-de-privacidad-y-cookies\/","title":{"rendered":"Pol\u00edtica de Privacidad y Cookies"},"content":{"rendered":"<h2>POL\u00cdTICA DE PRIVACIDAD<\/h2>\n<p>Ajf Lda es responsable de la recogida y tratamiento de los datos personales que se han obtenido digitalmente, es decir, a trav\u00e9s del uso de este sitio web, comprometi\u00e9ndose a respetar la privacidad de los usuarios, garantizando la confidencialidad y seguridad de los datos recibidos, en estrecha conformidad con la legislaci\u00f3n vigente.<br \/>\nLa presente Pol\u00edtica de Privacidad describe nuestras pr\u00e1cticas en materia de almacenamiento, tratamiento y acceso a la informaci\u00f3n personal. Al aceptarlo, autoriza a Ajf Lda a tratar sus datos, de los que confirma ser titular, as\u00ed como los datos relativos a su relaci\u00f3n comercial y contractual y a su gesti\u00f3n, de conformidad con los t\u00e9rminos de este texto.<br \/>\nAsimismo, declara ser consciente y estar plenamente informado de que el tratamiento de sus datos personales, previamente transmitidos por usted, incluye todas las operaciones realizadas por medios automatizados o no.<br \/>\nAdem\u00e1s, declara conocer sus derechos de oposici\u00f3n, rectificaci\u00f3n y\/o solicitud del \u00abDerecho al olvido\u00bb, en relaci\u00f3n con el tratamiento de sus Datos Personales, enviando una solicitud a una direcci\u00f3n de correo electr\u00f3nico, as\u00ed como tener derecho a presentar una reclamaci\u00f3n ante las autoridades competentes.<br \/>\nLea atentamente las siguientes condiciones:<\/p>\n<p><strong>1. Compromisos Contra\u00eddos<\/strong><br \/>\nAjf Lda garantiza la completa protecci\u00f3n de los Datos Personales de conformidad con las normas previstas en el RGPD, en relaci\u00f3n con todos los procedimientos y obligaciones previstos en el mismo, especialmente en lo que respecta al Tratamiento de los Datos Personales de los usuarios de los sitios web y\/o aplicaciones digitales.<br \/>\nAjf Lda se compromete a tratar sus Datos Personales de acuerdo con los siguientes principios:<br \/>\n&#8211; Tramitaci\u00f3n legal, imparcial y transparente, garantizando as\u00ed los principios de legalidad, imparcialidad y transparencia;<br \/>\n&#8211; Recogida y tratamiento con fines espec\u00edficos, expl\u00edcitos y leg\u00edtimos. Cumplimiento del principio de limitaci\u00f3n de finalidad, ya que no ser\u00e1n tratados de forma divergente e incompatible con los fines para los que fueron recogidos;<br \/>\n&#8211; Recogida y tratamiento adecuados, pertinentes y limitados a lo estrictamente necesario, teniendo en cuenta los fines para los que se tratan, respetando as\u00ed el principio de minimizaci\u00f3n de datos;<br \/>\n&#8211; Los Datos Personales proporcionados deber\u00e1n ser veraces, procedi\u00e9ndose a la respectiva rectificaci\u00f3n o actualizaci\u00f3n siempre que sea necesario o as\u00ed se entienda.<\/p>\n<p><strong>2. RECOGIDA Y TRATAMIENTO DE DATOS PERSONALES<\/strong><br \/>\nAjf Lda procede a la recogida de sus Datos Personales en sus instalaciones y a trav\u00e9s de su p\u00e1gina web y\/o aplicaciones digitales, donde usted expl\u00edcitamente proporciona y consiente especificando:<br \/>\n&#8211; Sede e instalaciones de la empresa;<br \/>\n&#8211; Cuando navega por el sitio web de Ajf Lda (es decir, informaci\u00f3n t\u00e9cnica, como direcciones IP o registros, recopilada a trav\u00e9s de cookies o tecnolog\u00edas similares cuando est\u00e9 autorizado);<br \/>\n&#8211; Al rellenar cualquier formulario de contacto o a trav\u00e9s de nuestro sitio web;<br \/>\n&#8211; Cuando nos env\u00ede informaci\u00f3n personal de otro modo y consienta su almacenamiento y tratamiento.<\/p>\n<p><strong>2.1. POR QU\u00c9 ES NECESARIO RECOGER DATOS PERSONALES<\/strong><br \/>\nAjf Lda recoge Datos de Car\u00e1cter Personal relativos a la relaci\u00f3n estrictamente informativa con clientes y posibles clientes para, en particular:<br \/>\n&#8211; Permitir la solicitud en l\u00ednea de informaci\u00f3n sobre servicios, en el sitio web;<br \/>\n&#8211; Para realizar an\u00e1lisis estad\u00edsticos, estudios financieros y comerciales y con fines de gesti\u00f3n del tr\u00e1fico en l\u00ednea (por ejemplo: para obtener los niveles de uso del sitio web, aplicaciones digitales de Ajf Lda, as\u00ed como la pertinencia de los servicios ofrecidos como una forma de mejorar su usabilidad);<br \/>\n&#8211; El env\u00edo de informaci\u00f3n, comunicaciones promocionales y\/o publicitarias de Ajf Lda , en particular sobre servicios, novedades, campa\u00f1as y\/o eventos que puedan resultar de inter\u00e9s al cliente\/usuario, previa su autorizaci\u00f3n, cuando \u00e9sta sea preceptiva y respetando su derecho de oposici\u00f3n, de conformidad con los requisitos legales aplicables a la comercializaci\u00f3n directa con fines comerciales.<\/p>\n<p><strong>2.2 FUNDAMENTO JUR\u00cdDICO DEL TRATAMIENTO<\/strong><br \/>\nLas operaciones en el Tratamiento de Datos Personales de clientes y\/o usuarios de Ajf Lda se basan en:<br \/>\n&#8211; En su inter\u00e9s leg\u00edtimo en la prestaci\u00f3n de servicios, la protecci\u00f3n de sus actividades o de otro tipo, as\u00ed como para identificar mejor sus preferencias, como una forma de adaptar las ofertas de Ajf Lda para satisfacer mejor sus necesidades;<br \/>\n&#8211; Cuando la legislaci\u00f3n vigente exija el tratamiento;<br \/>\n&#8211; Cuando se obtiene el consentimiento expl\u00edcito.<\/p>\n<p><strong>3. FINES DE UTILIZACI\u00d3N<\/strong><br \/>\nLos datos personales que Ajf Lda recoge durante una visita a nuestras p\u00e1ginas web se utilizan para que el uso de las p\u00e1ginas sea lo m\u00e1s c\u00f3modo posible y para proteger nuestros sistemas inform\u00e1ticos de ataques y otras acciones ilegales.<br \/>\nAjf Lda no comparte sus Datos Personales con terceros, con la excepci\u00f3n de los proveedores de servicios, especialmente para fines de lucha contra el fraude, la comercializaci\u00f3n o la administraci\u00f3n de Tecnolog\u00eda de la Informaci\u00f3n.<br \/>\nAjf Lda podr\u00e1 transferir Datos Personales a terceros en consonancia con las solicitudes de las autoridades judiciales p\u00fablicas con poderes legales para hacerlo, de conformidad con la normativa legal vigente.<br \/>\nAjf Lda garantiza la confidencialidad y seguridad de los Datos Personales durante la transferencia a los destinatarios mencionados.<\/p>\n<p><strong>4. TIEMPO DE ALMACENAMIENTO DE LOS DATOS PERSONALES<\/strong><br \/>\nAjf Lda conserva sus Datos Personales de acuerdo con los plazos de conservaci\u00f3n impuestos por la legislaci\u00f3n y reglamentaci\u00f3n vigentes, es decir, teniendo en cuenta sus actividades, almacen\u00e1ndolos durante los siguientes per\u00edodos:<br \/>\n&#8211; Cuando se pone en contacto con nosotros para solicitar informaci\u00f3n, conservamos sus datos personales durante el tiempo necesario para procesar y hacer efectiva su solicitud;<br \/>\n&#8211; Conservamos sus datos personales utilizados para marketing directo hasta que cancele su consentimiento o nos pida que los eliminemos, de acuerdo con la legislaci\u00f3n vigente. En tal caso, Ajf Lda s\u00f3lo conservar\u00e1 la informaci\u00f3n necesaria para garantizar su derecho de oposici\u00f3n de conformidad con las normas y reglamentos legales.<\/p>\n<p><strong>5. EJERCER SUS DERECHOS<\/strong><br \/>\nUsted podr\u00e1 ejercer en cualquier momento, de conformidad con la normativa aplicable en materia de protecci\u00f3n de Datos Personales, sus derechos de acceso, rectificaci\u00f3n, supresi\u00f3n y portabilidad de sus Datos Personales.<br \/>\nTambi\u00e9n tiene derecho a oponerse al Tratamiento de sus Datos Personales con fines de marketing y, por tanto, a solicitar dejar de recibir comunicaciones promocionales de Ajf Lda en cualquier momento.<br \/>\nPara ejercer sus derechos, en particular en lo que respecta al \u00abDerecho al olvido\u00bb o a la supresi\u00f3n de sus Datos Personales, puede ponerse en contacto con nosotros en info@ajf.com.pt<br \/>\nPara que podamos responder a su solicitud, deber\u00e1 comunicarnos los siguientes datos de identificaci\u00f3n necesarios: nombre, apellidos, correo electr\u00f3nico o direcci\u00f3n y cualquier otra informaci\u00f3n necesaria para confirmar su identidad.<br \/>\nTambi\u00e9n tiene derecho a presentar una reclamaci\u00f3n ante la Autoridad de Control en caso de incumplimiento de las normas aplicables en materia de protecci\u00f3n de Datos Personales, en particular el GDPR.<\/p>\n<p><strong>6. CAMBIOS EN NUESTRA POL\u00cdTICA DE PROTECCI\u00d3N<\/strong><br \/>\nLa Pol\u00edtica de Protecci\u00f3n de Datos Personales podr\u00e1 ser modificada por Ajf Lda en cualquier momento.<br \/>\nAjf Lda podr\u00e1 ajustar la Pol\u00edtica de Protecci\u00f3n, y se publicar\u00e1 sin previo aviso, mediante la actualizaci\u00f3n de la p\u00e1gina Pol\u00edtica de Protecci\u00f3n de Datos Personales, por lo que se recomienda consultar esta p\u00e1gina.<\/p>\n<h2><strong>COOKIES<\/strong><\/h2>\n<p>Ajf Lda utiliza cookies para mejorar la experiencia del usuario en este sitio web. Lea atentamente nuestra informaci\u00f3n sobre cookies.<\/p>\n<p>\u00bfQU\u00c9 SON LAS COOKIES?<br \/>\nLas \u00abcookies\u00bb son peque\u00f1as etiquetas de software que pueden almacenarse en su ordenador a trav\u00e9s de su navegador de Internet, conservando \u00fanicamente informaci\u00f3n relacionada con sus preferencias, y como tales no incluyen sus datos personales.<br \/>\n\u00bfPOR QU\u00c9 UTILIZA COOKIES ESTE SITIO WEB?<br \/>\nDurante una visita a este sitio web, pueden almacenarse en el ordenador del usuario archivos denominados \u00abcookies\u00bb. Estas Cookies permiten adaptar el sitio web a los gustos y preferencias del usuario y presentarle promociones y ofertas de productos que puedan ser de su inter\u00e9s como usuario.<\/p>\n<h2>TIPOS DE COOKIES<\/h2>\n<p><strong>COOKIES NECESARIAS<\/strong><br \/>\nLas cookies necesarias son absolutamente imprescindibles para que el sitio web funcione correctamente. Estas cookies garantizan la funcionalidad b\u00e1sica y las caracter\u00edsticas de seguridad del sitio, de forma an\u00f3nima.<\/p>\n<p><strong>COOKIES DE FUNCIONALIDAD<\/strong><br \/>\nLas cookies de funcionalidad ayudan a ejecutar determinadas funciones, como compartir contenidos del sitio web en las redes sociales, recopilar comentarios y otras funciones de terceros.<\/p>\n<p><strong>COOKIES DE FUNCIONAMIENTO<\/strong><br \/>\nLas cookies de funcionamiento se utilizan para comprender y analizar m\u00e9tricas de rendimiento clave en el sitio web, lo que nos permite ofrecer una mejor experiencia a los visitantes.<\/p>\n<p><strong>COOKIES ANAL\u00cdTICAS<\/strong><br \/>\nLas cookies anal\u00edticas nos permiten comprender c\u00f3mo interact\u00faan los visitantes con el sitio. Estas cookies ayudan a proporcionar informaci\u00f3n sobre m\u00e9tricas de n\u00famero de visitantes, tasa de rebote, origen del tr\u00e1fico, etc.<\/p>\n<p><strong>COOKIES PUBLICITARIAS<\/strong><br \/>\nLas cookies publicitarias se utilizan para ofrecer anuncios y campa\u00f1as de marketing relevantes a los visitantes del sitio web. Estas cookies rastrean la actividad de los visitantes y recopilan informaci\u00f3n para ofrecer anuncios personalizados.<\/p>\n<p><strong>OTRAS COOKIES<\/strong><br \/>\nOtras cookies son cookies que se est\u00e1n analizando y, por lo tanto, a\u00fan no se han clasificado en ninguna categor\u00eda.<\/p>\n<p><strong>\u00bfC\u00d3MO GESTIONAR LAS COOKIES?<\/strong><br \/>\nEn la mayor\u00eda de los navegadores de Internet, las cookies pueden eliminarse o rechazarse f\u00e1cilmente. Puede cambiar sus permisos seleccionando la configuraci\u00f3n deseada en el navegador. Tambi\u00e9n encontrar\u00e1 m\u00e1s detalles sobre estos procedimientos en la secci\u00f3n de ayuda del navegador correspondiente.<\/p>\n","protected":false},"excerpt":{"rendered":"<p>POL\u00cdTICA DE PRIVACIDAD Ajf Lda es responsable de la recogida y tratamiento de los datos personales que se han obtenido digitalmente, es decir, a trav\u00e9s del uso de este sitio web, comprometi\u00e9ndose a respetar la privacidad de los usuarios, garantizando la confidencialidad y seguridad de los datos recibidos, en estrecha conformidad con la legislaci\u00f3n vigente. [&hellip;]<\/p>\n","protected":false},"author":1,"featured_media":0,"parent":0,"menu_order":0,"comment_status":"closed","ping_status":"closed","template":"","meta":{"footnotes":""},"class_list":["post-4940","page","type-page","status-publish","hentry"],"yoast_head":"<!-- This site is optimized with the Yoast SEO plugin v24.1 - https:\/\/yoast.com\/wordpress\/plugins\/seo\/ -->\n<title>Pol\u00edtica de Privacidad y Cookies - AJF<\/title>\n<meta name=\"robots\" content=\"index, follow, max-snippet:-1, max-image-preview:large, max-video-preview:-1\" \/>\n<link rel=\"canonical\" href=\"https:\/\/ajf.com.pt\/es\/politica-de-privacidad-y-cookies\/\" \/>\n<meta property=\"og:locale\" content=\"es_ES\" \/>\n<meta property=\"og:type\" content=\"article\" \/>\n<meta property=\"og:title\" content=\"Pol\u00edtica de Privacidad y Cookies - AJF\" \/>\n<meta property=\"og:description\" content=\"POL\u00cdTICA DE PRIVACIDAD Ajf Lda es responsable de la recogida y tratamiento de los datos personales que se han obtenido digitalmente, es decir, a trav\u00e9s del uso de este sitio web, comprometi\u00e9ndose a respetar la privacidad de los usuarios, garantizando la confidencialidad y seguridad de los datos recibidos, en estrecha conformidad con la legislaci\u00f3n vigente. [&hellip;]\" \/>\n<meta property=\"og:url\" content=\"https:\/\/ajf.com.pt\/es\/politica-de-privacidad-y-cookies\/\" \/>\n<meta property=\"og:site_name\" content=\"AJF\" \/>\n<meta property=\"article:modified_time\" content=\"2023-06-09T17:24:42+00:00\" \/>\n<meta name=\"twitter:card\" content=\"summary_large_image\" \/>\n<meta name=\"twitter:label1\" content=\"Tiempo de lectura\" \/>\n\t<meta name=\"twitter:data1\" content=\"9 minutos\" \/>\n<script type=\"application\/ld+json\" class=\"yoast-schema-graph\">{\"@context\":\"https:\/\/schema.org\",\"@graph\":[{\"@type\":\"WebPage\",\"@id\":\"https:\/\/ajf.com.pt\/es\/politica-de-privacidad-y-cookies\/\",\"url\":\"https:\/\/ajf.com.pt\/es\/politica-de-privacidad-y-cookies\/\",\"name\":\"Pol\u00edtica de Privacidad y Cookies - AJF\",\"isPartOf\":{\"@id\":\"https:\/\/ajf.com.pt\/es\/#website\"},\"datePublished\":\"2022-10-26T10:35:16+00:00\",\"dateModified\":\"2023-06-09T17:24:42+00:00\",\"breadcrumb\":{\"@id\":\"https:\/\/ajf.com.pt\/es\/politica-de-privacidad-y-cookies\/#breadcrumb\"},\"inLanguage\":\"es\",\"potentialAction\":[{\"@type\":\"ReadAction\",\"target\":[\"https:\/\/ajf.com.pt\/es\/politica-de-privacidad-y-cookies\/\"]}]},{\"@type\":\"BreadcrumbList\",\"@id\":\"https:\/\/ajf.com.pt\/es\/politica-de-privacidad-y-cookies\/#breadcrumb\",\"itemListElement\":[{\"@type\":\"ListItem\",\"position\":1,\"name\":\"In\u00edcio\",\"item\":\"https:\/\/ajf.com.pt\/es\/\"},{\"@type\":\"ListItem\",\"position\":2,\"name\":\"Pol\u00edtica de Privacidad y Cookies\"}]},{\"@type\":\"WebSite\",\"@id\":\"https:\/\/ajf.com.pt\/es\/#website\",\"url\":\"https:\/\/ajf.com.pt\/es\/\",\"name\":\"AJF\",\"description\":\"Solu\u00e7\u00f5es Industriais\",\"potentialAction\":[{\"@type\":\"SearchAction\",\"target\":{\"@type\":\"EntryPoint\",\"urlTemplate\":\"https:\/\/ajf.com.pt\/es\/?s={search_term_string}\"},\"query-input\":{\"@type\":\"PropertyValueSpecification\",\"valueRequired\":true,\"valueName\":\"search_term_string\"}}],\"inLanguage\":\"es\"}]}<\/script>\n<!-- \/ Yoast SEO plugin. -->","yoast_head_json":{"title":"Pol\u00edtica de Privacidad y Cookies - AJF","robots":{"index":"index","follow":"follow","max-snippet":"max-snippet:-1","max-image-preview":"max-image-preview:large","max-video-preview":"max-video-preview:-1"},"canonical":"https:\/\/ajf.com.pt\/es\/politica-de-privacidad-y-cookies\/","og_locale":"es_ES","og_type":"article","og_title":"Pol\u00edtica de Privacidad y Cookies - AJF","og_description":"POL\u00cdTICA DE PRIVACIDAD Ajf Lda es responsable de la recogida y tratamiento de los datos personales que se han obtenido digitalmente, es decir, a trav\u00e9s del uso de este sitio web, comprometi\u00e9ndose a respetar la privacidad de los usuarios, garantizando la confidencialidad y seguridad de los datos recibidos, en estrecha conformidad con la legislaci\u00f3n vigente. [&hellip;]","og_url":"https:\/\/ajf.com.pt\/es\/politica-de-privacidad-y-cookies\/","og_site_name":"AJF","article_modified_time":"2023-06-09T17:24:42+00:00","twitter_card":"summary_large_image","twitter_misc":{"Tiempo de lectura":"9 minutos"},"schema":{"@context":"https:\/\/schema.org","@graph":[{"@type":"WebPage","@id":"https:\/\/ajf.com.pt\/es\/politica-de-privacidad-y-cookies\/","url":"https:\/\/ajf.com.pt\/es\/politica-de-privacidad-y-cookies\/","name":"Pol\u00edtica de Privacidad y Cookies - AJF","isPartOf":{"@id":"https:\/\/ajf.com.pt\/es\/#website"},"datePublished":"2022-10-26T10:35:16+00:00","dateModified":"2023-06-09T17:24:42+00:00","breadcrumb":{"@id":"https:\/\/ajf.com.pt\/es\/politica-de-privacidad-y-cookies\/#breadcrumb"},"inLanguage":"es","potentialAction":[{"@type":"ReadAction","target":["https:\/\/ajf.com.pt\/es\/politica-de-privacidad-y-cookies\/"]}]},{"@type":"BreadcrumbList","@id":"https:\/\/ajf.com.pt\/es\/politica-de-privacidad-y-cookies\/#breadcrumb","itemListElement":[{"@type":"ListItem","position":1,"name":"In\u00edcio","item":"https:\/\/ajf.com.pt\/es\/"},{"@type":"ListItem","position":2,"name":"Pol\u00edtica de Privacidad y Cookies"}]},{"@type":"WebSite","@id":"https:\/\/ajf.com.pt\/es\/#website","url":"https:\/\/ajf.com.pt\/es\/","name":"AJF","description":"Solu\u00e7\u00f5es Industriais","potentialAction":[{"@type":"SearchAction","target":{"@type":"EntryPoint","urlTemplate":"https:\/\/ajf.com.pt\/es\/?s={search_term_string}"},"query-input":{"@type":"PropertyValueSpecification","valueRequired":true,"valueName":"search_term_string"}}],"inLanguage":"es"}]}},"_links":{"self":[{"href":"https:\/\/ajf.com.pt\/es\/wp-json\/wp\/v2\/pages\/4940","targetHints":{"allow":["GET"]}}],"collection":[{"href":"https:\/\/ajf.com.pt\/es\/wp-json\/wp\/v2\/pages"}],"about":[{"href":"https:\/\/ajf.com.pt\/es\/wp-json\/wp\/v2\/types\/page"}],"author":[{"embeddable":true,"href":"https:\/\/ajf.com.pt\/es\/wp-json\/wp\/v2\/users\/1"}],"replies":[{"embeddable":true,"href":"https:\/\/ajf.com.pt\/es\/wp-json\/wp\/v2\/comments?post=4940"}],"version-history":[{"count":2,"href":"https:\/\/ajf.com.pt\/es\/wp-json\/wp\/v2\/pages\/4940\/revisions"}],"predecessor-version":[{"id":5616,"href":"https:\/\/ajf.com.pt\/es\/wp-json\/wp\/v2\/pages\/4940\/revisions\/5616"}],"wp:attachment":[{"href":"https:\/\/ajf.com.pt\/es\/wp-json\/wp\/v2\/media?parent=4940"}],"curies":[{"name":"wp","href":"https:\/\/api.w.org\/{rel}","templated":true}]}}